{"id":115,"date":"2010-03-09T20:42:59","date_gmt":"2010-03-09T19:42:59","guid":{"rendered":"http:\/\/windreiter.de\/wordpress\/?page_id=115"},"modified":"2010-03-09T20:42:59","modified_gmt":"2010-03-09T19:42:59","slug":"windreiter-mkii","status":"publish","type":"page","link":"http:\/\/blog.windreiter.de\/?page_id=115","title":{"rendered":"Windreiter MKII"},"content":{"rendered":"<h3>Hybridluftschiff<\/h3>\n<p>Im Windreiter MKII wurden erstmals die drei Auftriebsarten Motorschub, dynamischer Auftrieb und Auftrieb durch ein Traggas gezielt vereint. Zwei schwenkbare Motoren leisten je nach Ausrichtung Vortrieb, Auftrieb oder definieren die Richtung des Hybridluftschiffs. Eine einem Flugzeugfl\u00fcgel nachempfundene starre Au\u00dfenh\u00fclle erzeugt im Vorw\u00e4rtsflug dynamischen Auftrieb und birgt im Inneren einen Gassack der, gef\u00fcllt mit Helium, statischen Auftrieb gew\u00e4hrt.<\/p>\n<p>[wp-imageflow2]<\/p>\n<h3><strong>Kompositbauweise<\/strong><\/h3>\n<p>Zum ersten Mal wurde in diesem Luftschiff eine Kompositbauweise verwendet. Diese besteht aus einem zentralen Kohlefaserger\u00fcst, an dem alle elektronischen Komponenten verbaut sind. \u00dcber dieses Ger\u00fcst spannt sich ein sekund\u00e4res formgebendes Ger\u00fcst aus extrem leichten und hochflexiblen EPP-Platten. Die EPP-Platten sind, um Gewicht zu sparen, mehrfach durchbrochen und mit ultraleichtem Bespannpapier bespannt. Diese Kombination aus verschiedenen Werkstoffen resultiert in einem widerstandsf\u00e4higen und sehr leichten Luftschiff.<\/p>\n<h3><strong>Computersteuerung<\/strong><\/h3>\n<p>Um die komplexen Steuermischungen, die zur Kontrolle des dreidimensionalen Flugs n\u00f6tig sind, zu gew\u00e4hrleisten, musste eine Steuersoftware programmiert werden. Diese Software erlaubt das beliebige Ineinandermischen der verschiedenen Steuerbefehle. Gleichzeitig bietet sie einen Joystick als optimale humane Schnittstelle zum Steuern des Luftschiffs. Zuletzt erm\u00f6glichen umfassende Logging-Tools eine komplette Aufzeichnung des Flugs mit nachfolgender Analyse jedes einzelnen Steuerbefehls.<\/p>\n<h3><strong><strong>Experimentelles Flugger\u00e4t<\/strong><\/strong><\/h3>\n<p>Der MKII wurde eingehend unter verschiedenen Bedingungen getestet, um die Eigenschaften dieses neuartigen Flugger\u00e4ts zu ermitteln. In \u00fcber 100 Starts und Landungen wurden gro\u00dfe Mengen von Daten gesammelt, die eine wertvolle Grundlage f\u00fcr weiterf\u00fchrende Projekte im Bereich der Hybridluftschiffe bieten.<\/p>\n<h3><strong>Flugvideo<\/strong><\/h3>\n<p style=\"padding-left: 120px;\"><object classid=\"clsid:d27cdb6e-ae6d-11cf-96b8-444553540000\" width=\"425\" height=\"344\" codebase=\"http:\/\/download.macromedia.com\/pub\/shockwave\/cabs\/flash\/swflash.cab#version=6,0,40,0\"><param name=\"allowFullScreen\" value=\"true\" \/><param name=\"allowScriptAccess\" value=\"always\" \/><param name=\"src\" value=\"http:\/\/www.youtube.com\/v\/4QrqxaumefA&amp;color1=0xb1b1b1&amp;color2=0xcfcfcf&amp;hl=en_US&amp;feature=player_embedded&amp;fs=1\" \/><param name=\"allowfullscreen\" value=\"true\" \/><embed type=\"application\/x-shockwave-flash\" width=\"425\" height=\"344\" src=\"http:\/\/www.youtube.com\/v\/4QrqxaumefA&amp;color1=0xb1b1b1&amp;color2=0xcfcfcf&amp;hl=en_US&amp;feature=player_embedded&amp;fs=1\" allowscriptaccess=\"always\" allowfullscreen=\"true\"><\/embed><\/object><\/p>\n<p>Ein Zusammenschnitt der vielen Testfl\u00fcge des Windreiter MK2.<\/p>\n","protected":false},"excerpt":{"rendered":"<p>Hybridluftschiff Im Windreiter MKII wurden erstmals die drei Auftriebsarten Motorschub, dynamischer Auftrieb und Auftrieb durch ein Traggas gezielt vereint. Zwei schwenkbare Motoren leisten je nach Ausrichtung Vortrieb, Auftrieb oder definieren die Richtung des Hybridluftschiffs. Eine einem Flugzeugfl\u00fcgel nachempfundene starre Au\u00dfenh\u00fclle &hellip;<\/p>\n<p class=\"read-more\"> <a class=\"more-link\" href=\"http:\/\/blog.windreiter.de\/?page_id=115\"> <span class=\"screen-reader-text\">Windreiter MKII<\/span> Read More &raquo;<\/a><\/p>\n","protected":false},"author":1,"featured_media":0,"parent":29,"menu_order":0,"comment_status":"closed","ping_status":"open","template":"","meta":[],"_links":{"self":[{"href":"http:\/\/blog.windreiter.de\/index.php?rest_route=\/wp\/v2\/pages\/115"}],"collection":[{"href":"http:\/\/blog.windreiter.de\/index.php?rest_route=\/wp\/v2\/pages"}],"about":[{"href":"http:\/\/blog.windreiter.de\/index.php?rest_route=\/wp\/v2\/types\/page"}],"author":[{"embeddable":true,"href":"http:\/\/blog.windreiter.de\/index.php?rest_route=\/wp\/v2\/users\/1"}],"replies":[{"embeddable":true,"href":"http:\/\/blog.windreiter.de\/index.php?rest_route=%2Fwp%2Fv2%2Fcomments&post=115"}],"version-history":[{"count":0,"href":"http:\/\/blog.windreiter.de\/index.php?rest_route=\/wp\/v2\/pages\/115\/revisions"}],"up":[{"embeddable":true,"href":"http:\/\/blog.windreiter.de\/index.php?rest_route=\/wp\/v2\/pages\/29"}],"wp:attachment":[{"href":"http:\/\/blog.windreiter.de\/index.php?rest_route=%2Fwp%2Fv2%2Fmedia&parent=115"}],"curies":[{"name":"wp","href":"https:\/\/api.w.org\/{rel}","templated":true}]}}