{"id":1226,"date":"2015-01-03T20:30:57","date_gmt":"2015-01-03T18:30:57","guid":{"rendered":"http:\/\/windreiter.de\/wordpress\/?page_id=1226"},"modified":"2015-01-03T20:54:48","modified_gmt":"2015-01-03T18:54:48","slug":"aerial-photography","status":"publish","type":"page","link":"http:\/\/blog.windreiter.de\/?page_id=1226","title":{"rendered":"Aerial Photography"},"content":{"rendered":"<p><a href=\"http:\/\/windreiter.de\/wordpress\/wp-content\/uploads\/2015\/01\/lufbilder1.jpg\"><img loading=\"lazy\" class=\"aligncenter size-large wp-image-1230\" src=\"http:\/\/windreiter.de\/wordpress\/wp-content\/uploads\/2015\/01\/lufbilder1-1024x267.jpg\" alt=\"lufbilder1\" width=\"550\" height=\"143\" srcset=\"http:\/\/blog.windreiter.de\/wp-content\/uploads\/2015\/01\/lufbilder1-1024x267.jpg 1024w, http:\/\/blog.windreiter.de\/wp-content\/uploads\/2015\/01\/lufbilder1-300x78.jpg 300w, http:\/\/blog.windreiter.de\/wp-content\/uploads\/2015\/01\/lufbilder1-100x26.jpg 100w, http:\/\/blog.windreiter.de\/wp-content\/uploads\/2015\/01\/lufbilder1-150x39.jpg 150w, http:\/\/blog.windreiter.de\/wp-content\/uploads\/2015\/01\/lufbilder1-200x52.jpg 200w, http:\/\/blog.windreiter.de\/wp-content\/uploads\/2015\/01\/lufbilder1-450x117.jpg 450w, http:\/\/blog.windreiter.de\/wp-content\/uploads\/2015\/01\/lufbilder1-600x156.jpg 600w, http:\/\/blog.windreiter.de\/wp-content\/uploads\/2015\/01\/lufbilder1-900x235.jpg 900w\" sizes=\"(max-width: 550px) 100vw, 550px\" \/><\/a><\/p>\n<p style=\"text-align: justify;\">Seit \u00fcber 10 Jahren widmen wir uns der Herstellung von Luftbildern und haben Erfahrungen mit den verschiedensten Plattformen gemacht. Wir haben Drachen und Ballons zur Photographie in den Himmel geschickt und mit verschiedensten modernen Tr\u00e4gersystemen wie autonomen Modellflugzeugen, Multicoptern und Luftschiffen gearbeitet. Je nach Problemstellung k\u00f6nnen wir so die unterschiedlichsten L\u00f6sungen anbieten und beispielsweise gro\u00dfe Areale mit Flugzeugen abdecken oder mit Kleinluftschiffen innerhalb von W\u00e4ldern fliegen.<\/p>\n<p><a href=\"http:\/\/windreiter.de\/wordpress\/wp-content\/uploads\/2015\/01\/Flugger\u00e4te.jpg\"><img loading=\"lazy\" class=\"aligncenter wp-image-1228 size-medium\" src=\"http:\/\/windreiter.de\/wordpress\/wp-content\/uploads\/2015\/01\/Flugger\u00e4te-300x293.jpg\" alt=\"F\" width=\"300\" height=\"293\" srcset=\"http:\/\/blog.windreiter.de\/wp-content\/uploads\/2015\/01\/Flugger\u00e4te-300x293.jpg 300w, http:\/\/blog.windreiter.de\/wp-content\/uploads\/2015\/01\/Flugger\u00e4te-100x97.jpg 100w, http:\/\/blog.windreiter.de\/wp-content\/uploads\/2015\/01\/Flugger\u00e4te-150x146.jpg 150w, http:\/\/blog.windreiter.de\/wp-content\/uploads\/2015\/01\/Flugger\u00e4te-200x195.jpg 200w, http:\/\/blog.windreiter.de\/wp-content\/uploads\/2015\/01\/Flugger\u00e4te-450x440.jpg 450w, http:\/\/blog.windreiter.de\/wp-content\/uploads\/2015\/01\/Flugger\u00e4te-600x586.jpg 600w, http:\/\/blog.windreiter.de\/wp-content\/uploads\/2015\/01\/Flugger\u00e4te.jpg 681w\" sizes=\"(max-width: 300px) 100vw, 300px\" \/><\/a><\/p>\n<p>Unsere Expertise reicht von einfachen RGB- und Thermalkameras \u00fcber multispektrale Sensoren bis hin zu wissenschaftlichen Hyperspektralen Linescannern. Neben einfachen Befliegungen, die wir gerne kurzfristig und routiniert durchf\u00fchren, liegt unser Fokus in der\u00a0Entwicklung und Erprobung neuer Sensor-Flugger\u00e4te-Gespanne f\u00fcr absurde Probleme oder interessante Fragestellungen.<\/p>\n<p>F\u00fcr Details und Anfragen wenden Sie sich an andreas[at]windreiter.de<\/p>\n<p><code><iframe loading=\"lazy\" src=\"\/\/www.youtube.com\/embed\/ciSEGpmnrJU\" width=\"560\" height=\"315\" frameborder=\"0\" allowfullscreen=\"allowfullscreen\"><\/iframe><\/code><\/p>\n<p>&nbsp;<\/p>\n<pre>Bildquellen: Verschiedene Fotofl\u00fcge von Kai Wittneben, Andreas Burkart, Clemens Mayer und Andr\u00e9 Sobotta; Motive Elsflether Werft, Botanischer Garten D\u00fcsseldorf, Altstadt Bremen; Videoquelle: Andreas Burkart, Drohnenfl\u00fcge im Rahmen einer Promotion\u00a0am Forschungszentrum J\u00fclich, ESA Hyflex Kampagne<\/pre>\n<p>&nbsp;<\/p>\n","protected":false},"excerpt":{"rendered":"<p>Seit \u00fcber 10 Jahren widmen wir uns der Herstellung von Luftbildern und haben Erfahrungen mit den verschiedensten Plattformen gemacht. Wir haben Drachen und Ballons zur Photographie in den Himmel geschickt und mit verschiedensten modernen Tr\u00e4gersystemen wie autonomen Modellflugzeugen, Multicoptern und &hellip;<\/p>\n<p class=\"read-more\"> <a class=\"more-link\" href=\"http:\/\/blog.windreiter.de\/?page_id=1226\"> <span class=\"screen-reader-text\">Aerial Photography<\/span> Read More &raquo;<\/a><\/p>\n","protected":false},"author":2,"featured_media":0,"parent":0,"menu_order":0,"comment_status":"open","ping_status":"open","template":"","meta":[],"_links":{"self":[{"href":"http:\/\/blog.windreiter.de\/index.php?rest_route=\/wp\/v2\/pages\/1226"}],"collection":[{"href":"http:\/\/blog.windreiter.de\/index.php?rest_route=\/wp\/v2\/pages"}],"about":[{"href":"http:\/\/blog.windreiter.de\/index.php?rest_route=\/wp\/v2\/types\/page"}],"author":[{"embeddable":true,"href":"http:\/\/blog.windreiter.de\/index.php?rest_route=\/wp\/v2\/users\/2"}],"replies":[{"embeddable":true,"href":"http:\/\/blog.windreiter.de\/index.php?rest_route=%2Fwp%2Fv2%2Fcomments&post=1226"}],"version-history":[{"count":18,"href":"http:\/\/blog.windreiter.de\/index.php?rest_route=\/wp\/v2\/pages\/1226\/revisions"}],"predecessor-version":[{"id":1246,"href":"http:\/\/blog.windreiter.de\/index.php?rest_route=\/wp\/v2\/pages\/1226\/revisions\/1246"}],"wp:attachment":[{"href":"http:\/\/blog.windreiter.de\/index.php?rest_route=%2Fwp%2Fv2%2Fmedia&parent=1226"}],"curies":[{"name":"wp","href":"https:\/\/api.w.org\/{rel}","templated":true}]}}