{"id":140,"date":"2010-03-09T21:37:37","date_gmt":"2010-03-09T20:37:37","guid":{"rendered":"http:\/\/windreiter.de\/wordpress\/?page_id=140"},"modified":"2010-03-09T21:37:37","modified_gmt":"2010-03-09T20:37:37","slug":"hummelchen","status":"publish","type":"page","link":"http:\/\/blog.windreiter.de\/?page_id=140","title":{"rendered":"Hummelchen"},"content":{"rendered":"<p>[wp-imageflow2]<\/p>\n<p>Im Rahmen der Testreihe &#8222;Hummelchen&#8220; entstanden einige m\u00f6glichst dicke Flugzeuge. Dabei stand im Vordergrund, mit einer standardisierten Motorisierung flugf\u00e4hige volumenoptimierte Formen zu finden, um diese sp\u00e4ter im gr\u00f6\u00dferen Ma\u00dfstab mit Helium zu f\u00fcllen. Gro\u00dfe Probleme ergaben sich bei der Schwerpunktfindung und der Trimmung, was jedoch mit dem letzten Hummelchen zufriedenstellend gel\u00f6st wurde.<\/p>\n<p style=\"padding-left: 90px;\"><object classid=\"clsid:d27cdb6e-ae6d-11cf-96b8-444553540000\" width=\"425\" height=\"344\" codebase=\"http:\/\/download.macromedia.com\/pub\/shockwave\/cabs\/flash\/swflash.cab#version=6,0,40,0\"><param name=\"allowFullScreen\" value=\"true\" \/><param name=\"allowScriptAccess\" value=\"always\" \/><param name=\"src\" value=\"http:\/\/www.youtube.com\/v\/kL3UjM7Dp4o&amp;color1=0xb1b1b1&amp;color2=0xcfcfcf&amp;hl=de_DE&amp;feature=player_embedded&amp;fs=1\" \/><param name=\"allowfullscreen\" value=\"true\" \/><embed type=\"application\/x-shockwave-flash\" width=\"425\" height=\"344\" src=\"http:\/\/www.youtube.com\/v\/kL3UjM7Dp4o&amp;color1=0xb1b1b1&amp;color2=0xcfcfcf&amp;hl=de_DE&amp;feature=player_embedded&amp;fs=1\" allowscriptaccess=\"always\" allowfullscreen=\"true\"><\/embed><\/object><\/p>\n","protected":false},"excerpt":{"rendered":"<p>[wp-imageflow2] Im Rahmen der Testreihe &#8222;Hummelchen&#8220; entstanden einige m\u00f6glichst dicke Flugzeuge. Dabei stand im Vordergrund, mit einer standardisierten Motorisierung flugf\u00e4hige volumenoptimierte Formen zu finden, um diese sp\u00e4ter im gr\u00f6\u00dferen Ma\u00dfstab mit Helium zu f\u00fcllen. Gro\u00dfe Probleme ergaben sich bei der &hellip;<\/p>\n<p class=\"read-more\"> <a class=\"more-link\" href=\"http:\/\/blog.windreiter.de\/?page_id=140\"> <span class=\"screen-reader-text\">Hummelchen<\/span> Read More &raquo;<\/a><\/p>\n","protected":false},"author":3,"featured_media":0,"parent":29,"menu_order":0,"comment_status":"closed","ping_status":"open","template":"","meta":[],"_links":{"self":[{"href":"http:\/\/blog.windreiter.de\/index.php?rest_route=\/wp\/v2\/pages\/140"}],"collection":[{"href":"http:\/\/blog.windreiter.de\/index.php?rest_route=\/wp\/v2\/pages"}],"about":[{"href":"http:\/\/blog.windreiter.de\/index.php?rest_route=\/wp\/v2\/types\/page"}],"author":[{"embeddable":true,"href":"http:\/\/blog.windreiter.de\/index.php?rest_route=\/wp\/v2\/users\/3"}],"replies":[{"embeddable":true,"href":"http:\/\/blog.windreiter.de\/index.php?rest_route=%2Fwp%2Fv2%2Fcomments&post=140"}],"version-history":[{"count":0,"href":"http:\/\/blog.windreiter.de\/index.php?rest_route=\/wp\/v2\/pages\/140\/revisions"}],"up":[{"embeddable":true,"href":"http:\/\/blog.windreiter.de\/index.php?rest_route=\/wp\/v2\/pages\/29"}],"wp:attachment":[{"href":"http:\/\/blog.windreiter.de\/index.php?rest_route=%2Fwp%2Fv2%2Fmedia&parent=140"}],"curies":[{"name":"wp","href":"https:\/\/api.w.org\/{rel}","templated":true}]}}