{"id":183,"date":"2010-03-09T22:33:25","date_gmt":"2010-03-09T21:33:25","guid":{"rendered":"http:\/\/windreiter.de\/wordpress\/?page_id=183"},"modified":"2010-03-09T22:33:25","modified_gmt":"2010-03-09T21:33:25","slug":"mk-iii","status":"publish","type":"page","link":"http:\/\/blog.windreiter.de\/?page_id=183","title":{"rendered":"Windreiter MKIII"},"content":{"rendered":"<p>In erster Linie wurde der MKIII als Rennluftschiff entworfen und gebaut.              Dabei stand eine sehr einfache und robuste Konstruktion im Vordergrund.              Aufgrund der positiven Erfahrungen mit dem Werkstoff EPP entstand das Ger\u00fcst              des Luftschiffs nun vollst\u00e4ndig aus EPP-Tr\u00e4gern.              Ein zentraler Gassack liefert den Auftrieb und eine Steuerung \u00fcber ein H\u00f6henruder               sowie ein schwenkbarer Antriebsmotor sorgen f\u00fcr pr\u00e4zise Wendigkeit.              In mehreren Tests legten die hervorragenden Flugeigenschaften des MK3 nahe,              das Luftschiff einem anderen Zweck zuzuf\u00fchren.              Mit voller Gasbef\u00fcllung und an einer Leine gesichert erfolgten mehrere Au\u00dfenfl\u00fcge,              bei denen eine Kamera mitgef\u00fchrt wurde.             Aus gro\u00dfer H\u00f6he wurden dabei erste positive Erfahrungen mit Luftaufnahmen gewonnen.              Die Steuerung des Luftschiffs erm\u00f6glichte eine zuverl\u00e4ssige Ausrichtung des Fahrzeugs              gegen den Wind.<br \/>\n[wp-imageflow2] <\/p>\n","protected":false},"excerpt":{"rendered":"<p>In erster Linie wurde der MKIII als Rennluftschiff entworfen und gebaut. Dabei stand eine sehr einfache und robuste Konstruktion im Vordergrund. Aufgrund der positiven Erfahrungen mit dem Werkstoff EPP entstand das Ger\u00fcst des Luftschiffs nun vollst\u00e4ndig aus EPP-Tr\u00e4gern. Ein zentraler &hellip;<\/p>\n<p class=\"read-more\"> <a class=\"more-link\" href=\"http:\/\/blog.windreiter.de\/?page_id=183\"> <span class=\"screen-reader-text\">Windreiter MKIII<\/span> Read More &raquo;<\/a><\/p>\n","protected":false},"author":3,"featured_media":0,"parent":29,"menu_order":0,"comment_status":"closed","ping_status":"open","template":"","meta":[],"_links":{"self":[{"href":"http:\/\/blog.windreiter.de\/index.php?rest_route=\/wp\/v2\/pages\/183"}],"collection":[{"href":"http:\/\/blog.windreiter.de\/index.php?rest_route=\/wp\/v2\/pages"}],"about":[{"href":"http:\/\/blog.windreiter.de\/index.php?rest_route=\/wp\/v2\/types\/page"}],"author":[{"embeddable":true,"href":"http:\/\/blog.windreiter.de\/index.php?rest_route=\/wp\/v2\/users\/3"}],"replies":[{"embeddable":true,"href":"http:\/\/blog.windreiter.de\/index.php?rest_route=%2Fwp%2Fv2%2Fcomments&post=183"}],"version-history":[{"count":0,"href":"http:\/\/blog.windreiter.de\/index.php?rest_route=\/wp\/v2\/pages\/183\/revisions"}],"up":[{"embeddable":true,"href":"http:\/\/blog.windreiter.de\/index.php?rest_route=\/wp\/v2\/pages\/29"}],"wp:attachment":[{"href":"http:\/\/blog.windreiter.de\/index.php?rest_route=%2Fwp%2Fv2%2Fmedia&parent=183"}],"curies":[{"name":"wp","href":"https:\/\/api.w.org\/{rel}","templated":true}]}}