{"id":189,"date":"2010-03-09T22:37:31","date_gmt":"2010-03-09T21:37:31","guid":{"rendered":"http:\/\/windreiter.de\/wordpress\/?page_id=189"},"modified":"2010-03-09T22:37:31","modified_gmt":"2010-03-09T21:37:31","slug":"rennkissen","status":"publish","type":"page","link":"http:\/\/blog.windreiter.de\/?page_id=189","title":{"rendered":"Rennkissen"},"content":{"rendered":"<p>Dieses &#8222;Rennluftschiff&#8220; entstand im Rahmen der Teilnahme unseres Teams an der Luftschiffregatta 2008 in Friedrichshafen. Mit einer Motorisierung, die etwa 20fach st\u00e4rker war als in allen Vorg\u00e4ngermodellen erreichte unser Konzept zwar beachtliche Geschwindigkeiten, war jedoch wegen Problemen im H\u00fcllenbau und der Leitwerkkonstruktion nur bedingt steuerbar. Ein 8. Platz und der Anblick vieler wundersch\u00f6ner Luftschiffe machten die Regatta jedoch trotzdem zu einem unvergesslichen Erlebnis.<\/p>\n<p>[wp-imageflow2] <\/p>\n","protected":false},"excerpt":{"rendered":"<p>Dieses &#8222;Rennluftschiff&#8220; entstand im Rahmen der Teilnahme unseres Teams an der Luftschiffregatta 2008 in Friedrichshafen. Mit einer Motorisierung, die etwa 20fach st\u00e4rker war als in allen Vorg\u00e4ngermodellen erreichte unser Konzept zwar beachtliche Geschwindigkeiten, war jedoch wegen Problemen im H\u00fcllenbau und &hellip;<\/p>\n<p class=\"read-more\"> <a class=\"more-link\" href=\"http:\/\/blog.windreiter.de\/?page_id=189\"> <span class=\"screen-reader-text\">Rennkissen<\/span> Read More &raquo;<\/a><\/p>\n","protected":false},"author":3,"featured_media":0,"parent":29,"menu_order":0,"comment_status":"closed","ping_status":"open","template":"","meta":[],"_links":{"self":[{"href":"http:\/\/blog.windreiter.de\/index.php?rest_route=\/wp\/v2\/pages\/189"}],"collection":[{"href":"http:\/\/blog.windreiter.de\/index.php?rest_route=\/wp\/v2\/pages"}],"about":[{"href":"http:\/\/blog.windreiter.de\/index.php?rest_route=\/wp\/v2\/types\/page"}],"author":[{"embeddable":true,"href":"http:\/\/blog.windreiter.de\/index.php?rest_route=\/wp\/v2\/users\/3"}],"replies":[{"embeddable":true,"href":"http:\/\/blog.windreiter.de\/index.php?rest_route=%2Fwp%2Fv2%2Fcomments&post=189"}],"version-history":[{"count":0,"href":"http:\/\/blog.windreiter.de\/index.php?rest_route=\/wp\/v2\/pages\/189\/revisions"}],"up":[{"embeddable":true,"href":"http:\/\/blog.windreiter.de\/index.php?rest_route=\/wp\/v2\/pages\/29"}],"wp:attachment":[{"href":"http:\/\/blog.windreiter.de\/index.php?rest_route=%2Fwp%2Fv2%2Fmedia&parent=189"}],"curies":[{"name":"wp","href":"https:\/\/api.w.org\/{rel}","templated":true}]}}