{"id":215,"date":"2010-03-09T22:45:39","date_gmt":"2010-03-09T21:45:39","guid":{"rendered":"http:\/\/windreiter.de\/wordpress\/?page_id=215"},"modified":"2010-03-09T22:45:39","modified_gmt":"2010-03-09T21:45:39","slug":"minihybride","status":"publish","type":"page","link":"http:\/\/blog.windreiter.de\/?page_id=215","title":{"rendered":"Minihybride"},"content":{"rendered":"<p>Mit einfachsten Mitteln wurden verschiedene Konzepte f\u00fcr Luftschiffe mit hybdridem Auftrieb gebaut und erprobt. Der Auftrieb wird in verschiedenen Kombinationen mit Fl\u00fcgeln, Motorkraft und Traggas erzeugt.<\/p>\n<p>[wp-imageflow2]<\/p>\n<p><strong>1. Segler<\/strong><br \/>\n&#8211; Fl\u00fcgel an heliumgef\u00fclltem Ballon<\/p>\n<p><strong>2. Motorsegler<\/strong><br \/>\n&#8211; das Seglerkonzept motorisiert<\/p>\n<p><strong>3. Senkrechtstarter<\/strong><br \/>\n&#8211; vertikal ausgerichteter Ballon mit um die L\u00e4ngsachse rotierenden Motoren (Unsinn)<\/p>\n<p><strong>4. Hybridluftschiff<\/strong><br \/>\n&#8211; 1\/3 Auftrieb durch einen Heliumballon<br \/>\n&#8211; 2\/3 Auftrieb durch Fl\u00fcgel und Motorleistung.<br \/>\n<object classid=\"clsid:d27cdb6e-ae6d-11cf-96b8-444553540000\" width=\"425\" height=\"344\" codebase=\"http:\/\/download.macromedia.com\/pub\/shockwave\/cabs\/flash\/swflash.cab#version=6,0,40,0\"><param name=\"allowFullScreen\" value=\"true\" \/><param name=\"allowScriptAccess\" value=\"always\" \/><param name=\"src\" value=\"http:\/\/www.youtube.com\/v\/6VZObsrdRls&amp;color1=0xb1b1b1&amp;color2=0xcfcfcf&amp;hl=de_DE&amp;feature=player_embedded&amp;fs=1\" \/><param name=\"allowfullscreen\" value=\"true\" \/><embed type=\"application\/x-shockwave-flash\" width=\"425\" height=\"344\" src=\"http:\/\/www.youtube.com\/v\/6VZObsrdRls&amp;color1=0xb1b1b1&amp;color2=0xcfcfcf&amp;hl=de_DE&amp;feature=player_embedded&amp;fs=1\" allowscriptaccess=\"always\" allowfullscreen=\"true\"><\/embed><\/object><\/p>\n","protected":false},"excerpt":{"rendered":"<p>Mit einfachsten Mitteln wurden verschiedene Konzepte f\u00fcr Luftschiffe mit hybdridem Auftrieb gebaut und erprobt. Der Auftrieb wird in verschiedenen Kombinationen mit Fl\u00fcgeln, Motorkraft und Traggas erzeugt. [wp-imageflow2] 1. Segler &#8211; Fl\u00fcgel an heliumgef\u00fclltem Ballon 2. Motorsegler &#8211; das Seglerkonzept motorisiert &hellip;<\/p>\n<p class=\"read-more\"> <a class=\"more-link\" href=\"http:\/\/blog.windreiter.de\/?page_id=215\"> <span class=\"screen-reader-text\">Minihybride<\/span> Read More &raquo;<\/a><\/p>\n","protected":false},"author":3,"featured_media":0,"parent":29,"menu_order":0,"comment_status":"closed","ping_status":"open","template":"","meta":[],"_links":{"self":[{"href":"http:\/\/blog.windreiter.de\/index.php?rest_route=\/wp\/v2\/pages\/215"}],"collection":[{"href":"http:\/\/blog.windreiter.de\/index.php?rest_route=\/wp\/v2\/pages"}],"about":[{"href":"http:\/\/blog.windreiter.de\/index.php?rest_route=\/wp\/v2\/types\/page"}],"author":[{"embeddable":true,"href":"http:\/\/blog.windreiter.de\/index.php?rest_route=\/wp\/v2\/users\/3"}],"replies":[{"embeddable":true,"href":"http:\/\/blog.windreiter.de\/index.php?rest_route=%2Fwp%2Fv2%2Fcomments&post=215"}],"version-history":[{"count":0,"href":"http:\/\/blog.windreiter.de\/index.php?rest_route=\/wp\/v2\/pages\/215\/revisions"}],"up":[{"embeddable":true,"href":"http:\/\/blog.windreiter.de\/index.php?rest_route=\/wp\/v2\/pages\/29"}],"wp:attachment":[{"href":"http:\/\/blog.windreiter.de\/index.php?rest_route=%2Fwp%2Fv2%2Fmedia&parent=215"}],"curies":[{"name":"wp","href":"https:\/\/api.w.org\/{rel}","templated":true}]}}