{"id":333,"date":"2010-03-14T22:20:56","date_gmt":"2010-03-14T21:20:56","guid":{"rendered":"http:\/\/windreiter.de\/wordpress\/?page_id=333"},"modified":"2010-03-14T22:20:56","modified_gmt":"2010-03-14T21:20:56","slug":"windreiter-mkv","status":"publish","type":"page","link":"http:\/\/blog.windreiter.de\/?page_id=333","title":{"rendered":"Windreiter MKV"},"content":{"rendered":"<p>Der MK V ist ein neukonzipiertes Starrluftschiff mit experimentellem Design. Die Form des Luftschiffs ist das Resultat von \u00dcberlegungen zum Leichtbau, des gr\u00f6\u00dften m\u00f6glichen Volumens, der Aerodynamik, der Stabilit\u00e4t und schlussendlich der praktischen Durchf\u00fchrbarkeit. Die Rolle des Luftschiffs ist dei eines Technologiedemonstrators, \u00fcber den verschiedene Aspekte getestet werden k\u00f6nnen.<\/p>\n<p>In ersten Testfl\u00fcgen wurde ein moderner Mikrobrushless-Motor eingesetzt, der bei geringstem Gewicht beachtliche Leistung bringt. Im langsamen Flug \u00fcberzeugt das Schiff mit exakter Steuerung und majest\u00e4tischem Schweben. In einer Konfiguration als Rennluftschiff wurde der MK V mit geringem Erfolg bei der Luftschiffregatta in Uetze erprobt.<\/p>\n<p>Weitere Tests des Luftschiffs in anderen Konfigurationen sollen folgen, um verschiedene theoretische Ans\u00e4tze zur Leistungsf\u00e4higkeit der &#8222;Leichter als Luft&#8220; Technologie zu \u00fcberpr\u00fcfen.<\/p>\n<p>[wp-imageflow2] <\/p>\n","protected":false},"excerpt":{"rendered":"<p>Der MK V ist ein neukonzipiertes Starrluftschiff mit experimentellem Design. Die Form des Luftschiffs ist das Resultat von \u00dcberlegungen zum Leichtbau, des gr\u00f6\u00dften m\u00f6glichen Volumens, der Aerodynamik, der Stabilit\u00e4t und schlussendlich der praktischen Durchf\u00fchrbarkeit. Die Rolle des Luftschiffs ist dei &hellip;<\/p>\n<p class=\"read-more\"> <a class=\"more-link\" href=\"http:\/\/blog.windreiter.de\/?page_id=333\"> <span class=\"screen-reader-text\">Windreiter MKV<\/span> Read More &raquo;<\/a><\/p>\n","protected":false},"author":1,"featured_media":0,"parent":29,"menu_order":0,"comment_status":"closed","ping_status":"open","template":"","meta":[],"_links":{"self":[{"href":"http:\/\/blog.windreiter.de\/index.php?rest_route=\/wp\/v2\/pages\/333"}],"collection":[{"href":"http:\/\/blog.windreiter.de\/index.php?rest_route=\/wp\/v2\/pages"}],"about":[{"href":"http:\/\/blog.windreiter.de\/index.php?rest_route=\/wp\/v2\/types\/page"}],"author":[{"embeddable":true,"href":"http:\/\/blog.windreiter.de\/index.php?rest_route=\/wp\/v2\/users\/1"}],"replies":[{"embeddable":true,"href":"http:\/\/blog.windreiter.de\/index.php?rest_route=%2Fwp%2Fv2%2Fcomments&post=333"}],"version-history":[{"count":0,"href":"http:\/\/blog.windreiter.de\/index.php?rest_route=\/wp\/v2\/pages\/333\/revisions"}],"up":[{"embeddable":true,"href":"http:\/\/blog.windreiter.de\/index.php?rest_route=\/wp\/v2\/pages\/29"}],"wp:attachment":[{"href":"http:\/\/blog.windreiter.de\/index.php?rest_route=%2Fwp%2Fv2%2Fmedia&parent=333"}],"curies":[{"name":"wp","href":"https:\/\/api.w.org\/{rel}","templated":true}]}}