{"id":672,"date":"2013-01-02T23:53:07","date_gmt":"2013-01-02T21:53:07","guid":{"rendered":"http:\/\/windreiter.de\/wordpress\/?page_id=672"},"modified":"2013-01-02T23:53:07","modified_gmt":"2013-01-02T21:53:07","slug":"silent_runner","status":"publish","type":"page","link":"http:\/\/blog.windreiter.de\/?page_id=672","title":{"rendered":"silent_runner"},"content":{"rendered":"<p><b>Ein Open-Source Selbstbau-Luftschiff<\/b><\/p>\n<p style=\"text-align: justify;\">Luftschiffe sind die faszinierendsten Flugger\u00e4te die jemals den Himmel durchquert haben.<\/p>\n<p style=\"text-align: left;\">Warum also nicht ein eigenes bauen?<\/p>\n<p style=\"text-align: justify;\">Dank moderner Materialien und Elektronik k\u00f6nnen <a href=\"http:\/\/www.youtube.com\/watch?v=XbxzYAjsczI\" target=\"_blank\">Fernsteuerluftschiffe<\/a>\u00a0unglaublich schnell und wendig sein und verbrauchen dabei kaum Energie. Sie sind einfach zu fliegen, k\u00f6nnen nicht abst\u00fcrzen und machen jede Menge Spa\u00df.\u00a0Der silent_runner wurde im Projekt Windreiter als einfach zu konstruierendes und zu fliegendes Luftschiff designed und die Techniken und Materialien die zum Bau n\u00f6tig sind dokumentiert und vollst\u00e4ndig ver\u00f6ffentlicht.<\/p>\n<p><code><iframe loading=\"lazy\" src=\"http:\/\/www.youtube.com\/embed\/gkAJlDUEEM8\" height=\"315\" width=\"560\" allowfullscreen=\"\" frameborder=\"0\"><\/iframe><\/code><\/p>\n<p><a href=\"http:\/\/www.silent-runner.net\/\"><i class=\"icon-arrow-right\"><\/i> silent_runner &#8211; Webseite<\/a><br \/>\n<a href=\"http:\/\/www.silent-runner.net\/index.php\/Documentation\"><i class=\"icon-arrow-right\"><\/i> Dokumentation<\/a><br \/>\n<a href=\"https:\/\/github.com\/wemperor\/silent_runner\"><i class=\"icon-arrow-right\"><\/i> Steuerungs-Code auf Github<\/a><\/p>\n<p>Bei Fragen zum Bau einfach melden:<br \/>\n<a href=\"mailto:andre@windreiter.de\"><i class=\"icon-envelope\"><\/i> andre [\u00e4] windreiter.de<\/a><\/p>\n","protected":false},"excerpt":{"rendered":"<p>Ein Open-Source Selbstbau-Luftschiff Luftschiffe sind die faszinierendsten Flugger\u00e4te die jemals den Himmel durchquert haben. Warum also nicht ein eigenes bauen? Dank moderner Materialien und Elektronik k\u00f6nnen Fernsteuerluftschiffe\u00a0unglaublich schnell und wendig sein und verbrauchen dabei kaum Energie. Sie sind einfach zu &hellip;<\/p>\n<p class=\"read-more\"> <a class=\"more-link\" href=\"http:\/\/blog.windreiter.de\/?page_id=672\"> <span class=\"screen-reader-text\">silent_runner<\/span> Read More &raquo;<\/a><\/p>\n","protected":false},"author":2,"featured_media":0,"parent":0,"menu_order":0,"comment_status":"closed","ping_status":"open","template":"content-sidebar-page.php","meta":[],"_links":{"self":[{"href":"http:\/\/blog.windreiter.de\/index.php?rest_route=\/wp\/v2\/pages\/672"}],"collection":[{"href":"http:\/\/blog.windreiter.de\/index.php?rest_route=\/wp\/v2\/pages"}],"about":[{"href":"http:\/\/blog.windreiter.de\/index.php?rest_route=\/wp\/v2\/types\/page"}],"author":[{"embeddable":true,"href":"http:\/\/blog.windreiter.de\/index.php?rest_route=\/wp\/v2\/users\/2"}],"replies":[{"embeddable":true,"href":"http:\/\/blog.windreiter.de\/index.php?rest_route=%2Fwp%2Fv2%2Fcomments&post=672"}],"version-history":[{"count":0,"href":"http:\/\/blog.windreiter.de\/index.php?rest_route=\/wp\/v2\/pages\/672\/revisions"}],"wp:attachment":[{"href":"http:\/\/blog.windreiter.de\/index.php?rest_route=%2Fwp%2Fv2%2Fmedia&parent=672"}],"curies":[{"name":"wp","href":"https:\/\/api.w.org\/{rel}","templated":true}]}}