{"id":697,"date":"2013-01-03T00:23:39","date_gmt":"2013-01-02T22:23:39","guid":{"rendered":"http:\/\/windreiter.de\/wordpress\/?page_id=697"},"modified":"2013-01-03T00:23:39","modified_gmt":"2013-01-02T22:23:39","slug":"prototyping","status":"publish","type":"page","link":"http:\/\/blog.windreiter.de\/?page_id=697","title":{"rendered":"Prototyping"},"content":{"rendered":"<p><b>Von der Idee zum Flugger\u00e4t<\/b><\/p>\n<p style=\"text-align: justify;\">Luftschiffe sind faszinierende Flugger\u00e4te und haben schon immer die Phantasie vieler T\u00fcfter und Vision\u00e4re befl\u00fcgelt. Moderne Materialien und Elektronik versetzen uns heute in die Lage, flugf\u00e4hige Modellluftschiffe zu konstruieren, um neue Ideen im Kleinen auf ihre Funktion zu pr\u00fcfen.<\/p>\n<p style=\"text-align: justify;\">Im Projekt Windreiter haben wir uns als Studenten mit gro\u00dfem Spa\u00df am Basteln mit den verschiedensten Leichter-als-Luft-Konzepten auseinandergesetzt. Wir haben von der Idee \u00fcber die Planung bis hin zum Bau dutzende Prototypen realisiert, zu denen neben einfachen\u00a0<a href=\"http:\/\/www.youtube.com\/watch?v=gkAJlDUEEM8\" target=\"_blank\">Blimps<\/a>\u00a0auch <a href=\"http:\/\/www.youtube.com\/watch?v=4QrqxaumefA\" target=\"_blank\">Hybrid<\/a>&#8211; und <a href=\"http:\/\/www.youtube.com\/watch?v=yKTo2O_6qzs\" target=\"_blank\">Starrluftschiffe<\/a>\u00a0geh\u00f6ren. Nach dem Motto \u201eEin Prototyp ist besser als 100 Theorien und Simulationen\u201c haben wir aus Fehlern gelernt und neue Ans\u00e4tze f\u00fcr innovative Flugger\u00e4te erprobt.<\/p>\n<p><code><iframe loading=\"lazy\" src=\"http:\/\/www.youtube.com\/embed\/E_ZLAhhOFxE\" height=\"315\" width=\"560\" allowfullscreen=\"\" frameborder=\"0\"><\/iframe><\/code><\/p>\n<p>&nbsp;<\/p>\n<p style=\"text-align: justify;\">Wir sind immer an neuen Ideen und Kooperationen interessiert. Gerne stellen wir unsere Erfahung bei der Umsetzung von spannenden Ideen zur Verf\u00fcgung oder geben Tipps und Tricks zum Bau von Luftschiffen. Mit Hilfe unserer Rapid-Prototyping-Maschinen helfen wir, wo immer Bedarf ist, auch komplizierte Spezialteile zu designen und herzustellen, um faszinierende Gedanken auf direktem Wege in die Realit\u00e4t umzusetzen.<\/p>\n<p><a href=\"http:\/\/windreiter.de\/wordpress\/?page_id=29\"><i class=\"icon-arrow-right\"><\/i> weitere\u00a0Projekte<\/a><br \/>\n<a href=\"http:\/\/windreiter.de\/wordpress\/?page_id=707\"><i class=\"icon-arrow-right\"><\/i> Rapid Prototyping<\/a><br \/>\n<a href=\"http:\/\/www.silent-runner.net\" target=\"_blank\"><i class=\"icon-arrow-right\"><\/i> silent_runner<\/a><br \/>\n<a href=\"http:\/\/windreiter.de\/wordpress\/?page_id=717\"><i class=\"icon-arrow-right\"><\/i> Programmierung<\/a><\/p>\n<p>Kontakt f\u00fcr Prototyping und 3D-Druck:<br \/>\n<a href=\"mailto:thomas@windreiter.de\"><i class=\"icon-envelope\"><\/i> thomas [\u00e4] windreiter.de<\/a><\/p>\n","protected":false},"excerpt":{"rendered":"<p>Von der Idee zum Flugger\u00e4t Luftschiffe sind faszinierende Flugger\u00e4te und haben schon immer die Phantasie vieler T\u00fcfter und Vision\u00e4re befl\u00fcgelt. Moderne Materialien und Elektronik versetzen uns heute in die Lage, flugf\u00e4hige Modellluftschiffe zu konstruieren, um neue Ideen im Kleinen auf &hellip;<\/p>\n<p class=\"read-more\"> <a class=\"more-link\" href=\"http:\/\/blog.windreiter.de\/?page_id=697\"> <span class=\"screen-reader-text\">Prototyping<\/span> Read More &raquo;<\/a><\/p>\n","protected":false},"author":2,"featured_media":0,"parent":0,"menu_order":0,"comment_status":"closed","ping_status":"open","template":"content-sidebar-page.php","meta":[],"_links":{"self":[{"href":"http:\/\/blog.windreiter.de\/index.php?rest_route=\/wp\/v2\/pages\/697"}],"collection":[{"href":"http:\/\/blog.windreiter.de\/index.php?rest_route=\/wp\/v2\/pages"}],"about":[{"href":"http:\/\/blog.windreiter.de\/index.php?rest_route=\/wp\/v2\/types\/page"}],"author":[{"embeddable":true,"href":"http:\/\/blog.windreiter.de\/index.php?rest_route=\/wp\/v2\/users\/2"}],"replies":[{"embeddable":true,"href":"http:\/\/blog.windreiter.de\/index.php?rest_route=%2Fwp%2Fv2%2Fcomments&post=697"}],"version-history":[{"count":0,"href":"http:\/\/blog.windreiter.de\/index.php?rest_route=\/wp\/v2\/pages\/697\/revisions"}],"wp:attachment":[{"href":"http:\/\/blog.windreiter.de\/index.php?rest_route=%2Fwp%2Fv2%2Fmedia&parent=697"}],"curies":[{"name":"wp","href":"https:\/\/api.w.org\/{rel}","templated":true}]}}