{"id":707,"date":"2013-01-03T00:38:16","date_gmt":"2013-01-02T22:38:16","guid":{"rendered":"http:\/\/windreiter.de\/wordpress\/?page_id=707"},"modified":"2013-01-03T00:38:16","modified_gmt":"2013-01-02T22:38:16","slug":"rapid-prototyping","status":"publish","type":"page","link":"http:\/\/blog.windreiter.de\/?page_id=707","title":{"rendered":"Rapid Prototyping"},"content":{"rendered":"<p><b>Rapid Prototyping \u2013 Gegenst\u00e4nde drucken<\/b><\/p>\n<p style=\"text-align: justify;\">Do-it-yourself 3D Drucker sind in den letzten Jahren immer leistungsf\u00e4higer geworden. F\u00fcr die genaue Konstruktion von einzelnen Bauteilen haben wir inzwischen zwei 3D Drucker gebaut und im Einsatz. Bauteile oder Modelle k\u00f6nnen mit Hilfe dieser Maschinen am Computer geplant und anschlie\u00dfend mit hoher Pr\u00e4zision beliebig oft gedruckt werden.<\/p>\n<p><code><iframe loading=\"lazy\" src=\"http:\/\/www.youtube.com\/embed\/vF7ljzR0te4\" height=\"315\" width=\"560\" allowfullscreen=\"\" frameborder=\"0\"><\/iframe><\/code><\/p>\n<p style=\"text-align: justify;\">Wir verwenden einen <a href=\"http:\/\/www.reprap.org\" target=\"_blank\">Repstrap<\/a>\u00a0und einen <a href=\"http:\/\/www.ultimaker.com\" target=\"_blank\">Ultimaker<\/a>\u00a0Beide Drucker nutzen wir gerne um Bauteile auch f\u00fcr externe <a href=\"http:\/\/www.youtube.com\/watch?v=Or4bN1SvvVk\" target=\"_blank\">Projekte<\/a> zu drucken.<\/p>\n<p style=\"text-align: center;\">Bei Fragen einfach melden: <a href=\"mailto:thomas@windreiter.de\">thomas [\u00e4] windreiter.de<\/a><\/p>\n","protected":false},"excerpt":{"rendered":"<p>Rapid Prototyping \u2013 Gegenst\u00e4nde drucken Do-it-yourself 3D Drucker sind in den letzten Jahren immer leistungsf\u00e4higer geworden. F\u00fcr die genaue Konstruktion von einzelnen Bauteilen haben wir inzwischen zwei 3D Drucker gebaut und im Einsatz. Bauteile oder Modelle k\u00f6nnen mit Hilfe dieser &hellip;<\/p>\n<p class=\"read-more\"> <a class=\"more-link\" href=\"http:\/\/blog.windreiter.de\/?page_id=707\"> <span class=\"screen-reader-text\">Rapid Prototyping<\/span> Read More &raquo;<\/a><\/p>\n","protected":false},"author":2,"featured_media":0,"parent":697,"menu_order":0,"comment_status":"closed","ping_status":"open","template":"content-sidebar-page.php","meta":[],"_links":{"self":[{"href":"http:\/\/blog.windreiter.de\/index.php?rest_route=\/wp\/v2\/pages\/707"}],"collection":[{"href":"http:\/\/blog.windreiter.de\/index.php?rest_route=\/wp\/v2\/pages"}],"about":[{"href":"http:\/\/blog.windreiter.de\/index.php?rest_route=\/wp\/v2\/types\/page"}],"author":[{"embeddable":true,"href":"http:\/\/blog.windreiter.de\/index.php?rest_route=\/wp\/v2\/users\/2"}],"replies":[{"embeddable":true,"href":"http:\/\/blog.windreiter.de\/index.php?rest_route=%2Fwp%2Fv2%2Fcomments&post=707"}],"version-history":[{"count":0,"href":"http:\/\/blog.windreiter.de\/index.php?rest_route=\/wp\/v2\/pages\/707\/revisions"}],"up":[{"embeddable":true,"href":"http:\/\/blog.windreiter.de\/index.php?rest_route=\/wp\/v2\/pages\/697"}],"wp:attachment":[{"href":"http:\/\/blog.windreiter.de\/index.php?rest_route=%2Fwp%2Fv2%2Fmedia&parent=707"}],"curies":[{"name":"wp","href":"https:\/\/api.w.org\/{rel}","templated":true}]}}