{"id":717,"date":"2013-01-03T00:10:24","date_gmt":"2013-01-02T22:10:24","guid":{"rendered":"http:\/\/windreiter.de\/wordpress\/?page_id=717"},"modified":"2013-01-03T00:10:24","modified_gmt":"2013-01-02T22:10:24","slug":"programmierung","status":"publish","type":"page","link":"http:\/\/blog.windreiter.de\/?page_id=717","title":{"rendered":"Programmierung"},"content":{"rendered":"<p><b>Arduinos in Luftschiffen<\/b><\/p>\n<p style=\"text-align: justify;\">Komplexe <a href=\"http:\/\/www.youtube.com\/watch?v=E_ZLAhhOFxE\" target=\"_blank\">Motorkonfigurationen<\/a> erfordern Ansteuerungen von vielen Servos und Motoren zur selben Zeit. Um dies f\u00fcr den Piloten angenehmer zu machen, statten wir unsere Luftschiffe mit Mikrocontrollern auf Arduino-Basis aus. Diese winzigen Computer erm\u00f6glichen unseren Luftschiffen komplizierte Steuerman\u00f6ver mit simplen Befehlen durchzuf\u00fchren und werden in Zukunft intelligente Funktionen in mehr und mehr autonomen Schiffen \u00fcbernehmen.<\/p>\n<p style=\"text-align: justify;\">Der Quellcode f\u00fcr den <a href=\"http:\/\/www.silent-runner.net\" target=\"_blank\">silent_runner<\/a> ist ein Beispiel f\u00fcr eine solche Integration. Hier werden Arduinos mit Modellbauelektronik wie Servos und Fahrtenregler verbunden und agieren gemeinsam. S\u00e4mtliche Programmierung ist mit frei verf\u00fcgbarer Software realisiert, der auf dem silent_runner eingesetzte Code ist ebenfalls quelloffen.<\/p>\n<p><a href=\"https:\/\/github.com\/wemperor\/Silent_Runner\" target=\"_blank\"><i class=\"icon-arrow-right\"><\/i> silent_runner &#8211; Code auf Github<\/a><br \/>\n<a href=\"http:\/\/www.arduino.cc\" target=\"_blank\"><i class=\"icon-arrow-right\"><\/i> Arduino-Webseite<\/a><\/p>\n<p>Kontakt zur Programmierung:<br \/>\n<a href=\"mailto:clemens@windreiter.de\"><i class=\"icon-envelope\"><\/i> clemens [\u00e4] windreiter.de<\/a><\/p>\n","protected":false},"excerpt":{"rendered":"<p>Arduinos in Luftschiffen Komplexe Motorkonfigurationen erfordern Ansteuerungen von vielen Servos und Motoren zur selben Zeit. Um dies f\u00fcr den Piloten angenehmer zu machen, statten wir unsere Luftschiffe mit Mikrocontrollern auf Arduino-Basis aus. Diese winzigen Computer erm\u00f6glichen unseren Luftschiffen komplizierte Steuerman\u00f6ver &hellip;<\/p>\n<p class=\"read-more\"> <a class=\"more-link\" href=\"http:\/\/blog.windreiter.de\/?page_id=717\"> <span class=\"screen-reader-text\">Programmierung<\/span> Read More &raquo;<\/a><\/p>\n","protected":false},"author":2,"featured_media":0,"parent":697,"menu_order":0,"comment_status":"closed","ping_status":"open","template":"content-sidebar-page.php","meta":[],"_links":{"self":[{"href":"http:\/\/blog.windreiter.de\/index.php?rest_route=\/wp\/v2\/pages\/717"}],"collection":[{"href":"http:\/\/blog.windreiter.de\/index.php?rest_route=\/wp\/v2\/pages"}],"about":[{"href":"http:\/\/blog.windreiter.de\/index.php?rest_route=\/wp\/v2\/types\/page"}],"author":[{"embeddable":true,"href":"http:\/\/blog.windreiter.de\/index.php?rest_route=\/wp\/v2\/users\/2"}],"replies":[{"embeddable":true,"href":"http:\/\/blog.windreiter.de\/index.php?rest_route=%2Fwp%2Fv2%2Fcomments&post=717"}],"version-history":[{"count":0,"href":"http:\/\/blog.windreiter.de\/index.php?rest_route=\/wp\/v2\/pages\/717\/revisions"}],"up":[{"embeddable":true,"href":"http:\/\/blog.windreiter.de\/index.php?rest_route=\/wp\/v2\/pages\/697"}],"wp:attachment":[{"href":"http:\/\/blog.windreiter.de\/index.php?rest_route=%2Fwp%2Fv2%2Fmedia&parent=717"}],"curies":[{"name":"wp","href":"https:\/\/api.w.org\/{rel}","templated":true}]}}